{"id":10,"date":"2015-07-30T14:02:27","date_gmt":"2015-07-30T13:02:27","guid":{"rendered":"http:\/\/www.charlieprod.com\/lemireille\/?page_id=10"},"modified":"2026-05-05T12:04:42","modified_gmt":"2026-05-05T11:04:42","slug":"situation","status":"publish","type":"page","link":"https:\/\/hotellemireille.com\/es\/situation\/","title":{"rendered":"Ubicaci\u00f3n"},"content":{"rendered":"<p><\/p>\n<h1>Ubicaci\u00f3n<\/h1>\n<p>24 RUE DAVY 75017 PARIS<br \/>\n+33 (0)1 85 74 74 74<br \/>\n<a href=\"mailto:\"bienvenue@hotellemireille.com\">bienvenue@hotellemireille.com<\/a><\/p>\n<h2>A pocos minutos del Hotel Le Mireille:<\/h2>\n<p>Montmartre, su Bas\u00edlica del Sagrado Coraz\u00f3n y sus calles pintorescas; el mercado de Batignolles; las tiendas del barrio de Saint-Lazare; los grandes almacenes del bulevar Haussmann; el teatro Mogador y sus grandes espect\u00e1culos\u2026<\/p>\n<p>Desde el hotel, en autob\u00fas o en metro, tendr\u00e1 un acceso r\u00e1pido a los principales lugares tur\u00edsticos de Par\u00eds, como los Campos El\u00edseos, el Arco de Triunfo, las Tuller\u00edas, el Centro Pompidou, el Museo del Louvre, la Catedral de Notre-Dame de Par\u00eds o la Torre Eiffel.<\/p>\n<h2>Accesos<\/h2>\n<p>Metro: estaci\u00f3n Guy M\u00f4quet (l\u00ednea 13), a unos 200 metros del hotel y a 3 paradas de la Gare Saint-Lazare.<br \/>\nAutob\u00fas: l\u00edneas 54, 74 y 81.<br \/>\nAcceso directo a Gare de l\u2019Est y Gare du Nord mediante la l\u00ednea 31.<\/p>\n<h2>En coche o taxi<\/h2>\n<p><strong>Desde el boulevard p\u00e9riph\u00e9rique:<\/strong><br \/>\nTomar la salida Porte de Saint-Ouen y continuar por la avenida de Saint-Ouen. Seguir recto durante unos 500 metros y girar a la derecha en la rue Guy M\u00f4quet. A continuaci\u00f3n, tomar la cuarta calle a la izquierda, rue Davy, hasta el n\u00famero 24.<\/p>\n<p><strong>Desde Saint-Lazare:<\/strong><br \/>\nTomar la rue de Clichy hasta la Place de Clichy, continuar recto por la avenida de Clichy (500 metros), seguir por la avenida de Saint-Ouen (600 metros) y girar a la izquierda en la rue Guy M\u00f4quet durante 400 metros. Despu\u00e9s, girar a la izquierda en la rue Davy y continuar 200 metros.<\/p>\n<p><strong>Coordenadas GPS<\/strong><br \/>\nLatitud: 48.891220<br \/>\nLongitud: 2.324631<br \/>\n<\/p>","protected":false},"excerpt":{"rendered":"<p>Ubicaci\u00f3n 24 RUE DAVY 75017 PARIS +33 (0)1 85 74 74 74<\/p>\n","protected":false},"author":1,"featured_media":0,"parent":0,"menu_order":4,"comment_status":"open","ping_status":"closed","template":"page_situation.php","meta":{"_genesis_hide_title":false,"_genesis_hide_breadcrumbs":false,"_genesis_hide_singular_image":false,"_genesis_hide_footer_widgets":false,"_genesis_custom_body_class":"","_genesis_custom_post_class":"","_genesis_layout":""},"_links":{"self":[{"href":"https:\/\/hotellemireille.com\/es\/wp-json\/wp\/v2\/pages\/10"}],"collection":[{"href":"https:\/\/hotellemireille.com\/es\/wp-json\/wp\/v2\/pages"}],"about":[{"href":"https:\/\/hotellemireille.com\/es\/wp-json\/wp\/v2\/types\/page"}],"author":[{"embeddable":true,"href":"https:\/\/hotellemireille.com\/es\/wp-json\/wp\/v2\/users\/1"}],"replies":[{"embeddable":true,"href":"https:\/\/hotellemireille.com\/es\/wp-json\/wp\/v2\/comments?post=10"}],"version-history":[{"count":5,"href":"https:\/\/hotellemireille.com\/es\/wp-json\/wp\/v2\/pages\/10\/revisions"}],"predecessor-version":[{"id":627,"href":"https:\/\/hotellemireille.com\/es\/wp-json\/wp\/v2\/pages\/10\/revisions\/627"}],"wp:attachment":[{"href":"https:\/\/hotellemireille.com\/es\/wp-json\/wp\/v2\/media?parent=10"}],"curies":[{"name":"wp","href":"https:\/\/api.w.org\/{rel}","templated":true}]}}