{"id":14,"date":"2015-07-30T14:04:22","date_gmt":"2015-07-30T13:04:22","guid":{"rendered":"http:\/\/www.charlieprod.com\/lemireille\/?page_id=14"},"modified":"2023-03-06T10:40:57","modified_gmt":"2023-03-06T09:40:57","slug":"mentions-legales","status":"publish","type":"page","link":"https:\/\/hotellemireille.com\/es\/mentions-legales\/","title":{"rendered":"Aviso legal"},"content":{"rendered":"<p><\/p>\n<h2>Identificaci\u00f3n del editor del sitio:<\/h2>\n<p>H\u00f4tel LE MIREILLE<br \/>\n24 rue Davy \u2013 75017 PAR\u00cdS \u2013 Francia<br \/>\nTel.: +33 1 85 74 74 74<br \/>\n<span style=\"text-decoration: underline;\"><a href=\"mailto:bienvenue@hotellemireille.com\">bienvenue@hotellemireille.com<\/a><\/span><\/p>\n<p>Sociedad An\u00f3nima con un capital de 7.622 \u20ac<br \/>\nSIRET: 321 853 756 00021<br \/>\nC\u00f3digo APE: 5510Z (Alojamiento)<\/p>\n<h2>Alojamiento web:<\/h2>\n<p>Empresa: OVH<br \/>\nSitio web: http:\/\/www.ovh.com<\/p>\n<p>Direcci\u00f3n postal: 2 rue Kellermann \u2013 59100 Roubaix \u2013 Francia<\/p>\n<h2>Fotograf\u00eda:<\/h2>\n<p>Mickael KRUG<\/p>\n<h2>Dise\u00f1o y desarrollo del sitio:<\/h2>\n<p>Empresa: Charlieprod<br \/>\nSitio web: <span style=\"text-decoration: underline;\"><a href=\"https:\/\/charlieprod.com\" target=\"_blank\" rel=\"noopener\">https:\/\/charlieprod.com<\/a><\/span><\/p>\n<p>Direcci\u00f3n postal: 5 rue du Passeleu \u2013 93100 MONTREUIL \u2013 Francia<br \/>\nTel\u00e9fono: 09 72 60 37 98<\/p>\n<h2>Cookies<\/h2>\n<p>Cookies de medici\u00f3n de audiencia<br \/>\nPermiten medir la audiencia del sitio web. Se trata de reconocer y contabilizar el n\u00famero de visitantes del sitio con el fin de elaborar estad\u00edsticas. Tambi\u00e9n permiten analizar la forma en que los usuarios navegan por el sitio.<\/p>\n<p>Este sitio utiliza Google Analytics, un servicio de an\u00e1lisis web proporcionado por Google Inc. (\u00abGoogle\u00bb). Google Analytics utiliza cookies, que son archivos de texto almacenados en su ordenador, para ayudar al sitio web a analizar el uso que hacen los usuarios del mismo.<\/p>\n<p>Los datos generados por las cookies relativos a su uso del sitio (incluida su direcci\u00f3n IP) ser\u00e1n transmitidos y almacenados por Google en servidores situados en Estados Unidos. Google utilizar\u00e1 esta informaci\u00f3n con el fin de evaluar su uso del sitio, elaborar informes sobre la actividad del mismo para su editor y prestar otros servicios relacionados con la actividad del sitio y el uso de Internet.<\/p>\n<p>Google podr\u00e1 comunicar estos datos a terceros en caso de obligaci\u00f3n legal o cuando dichos terceros traten estos datos por cuenta de Google, incluyendo, en particular, al editor de este sitio. Google no asociar\u00e1 su direcci\u00f3n IP con ning\u00fan otro dato del que disponga.<\/p>\n<p>Puede desactivar el uso de cookies seleccionando la configuraci\u00f3n adecuada en su navegador. Sin embargo, dicha desactivaci\u00f3n podr\u00eda impedir el uso de determinadas funcionalidades del sitio. Al utilizar este sitio web, usted consiente expresamente el tratamiento de sus datos personales por parte de Google en las condiciones y para los fines descritos anteriormente.<\/p>\n<h2>Google Maps<\/h2>\n<p>Google Maps es un servicio de visualizaci\u00f3n que ofrece im\u00e1genes por sat\u00e9lite, fotograf\u00eda a\u00e9rea, cartograf\u00eda de calles, etc., proporcionado por Google LLC. Esta tecnolog\u00eda utiliza cookies; el usuario puede decidir activarlas para visualizar el mapa de localizaci\u00f3n.<\/p>\n<h2>Legislaci\u00f3n aplicable \/ Litigios \/ Mediaci\u00f3n<\/h2>\n<p>Se informa al Cliente de que, en caso de litigio derivado de las condiciones generales de venta y tras haber contactado con el servicio de Reservas del Hotel, si la respuesta fuera negativa o no se recibiera respuesta en un plazo de 2 meses, podr\u00e1, de conformidad con los art\u00edculos L.616-1 y R.616-1 del C\u00f3digo de Consumo, recurrir al mediador de consumo del que depende el Hotel.<\/p>\n<p>El cliente puede dirigirse al Mediador de Turismo y Viajes:<\/p>\n<ul>\n<li>\u2013 Direcci\u00f3n: MTV M\u00e9diation Tourisme et Voyage, BP 80 303, 75823 Par\u00eds Cedex 17<\/li>\n<li>\u2013 Sitio web: <a href=\"https:\/\/www.mtv.travel\" target=\"_blank\" rel=\"noopener\">https:\/\/www.mtv.travel<\/a><\/li>\n<\/ul>\n<p><\/p>","protected":false},"excerpt":{"rendered":"<p>Identificaci\u00f3n del editor del sitio: H\u00f4tel LE MIREILLE 24 rue Davy \u2013 75017 PAR\u00cdS \u2013 Francia Tel.: +33 1 85 74 74 74 bienvenue@hotellemireille.com Sociedad An\u00f3nima con un capital de 7.622 \u20ac SIRET: 321 853 756 00021 C\u00f3digo APE: 5510Z (Alojamiento) Alojamiento web: Empresa: OVH Sitio web: http:\/\/www.ovh.com Direcci\u00f3n postal: 2 rue Kellermann \u2013 59100 [&hellip;]<\/p>\n","protected":false},"author":1,"featured_media":308,"parent":0,"menu_order":100,"comment_status":"open","ping_status":"closed","template":"","meta":{"_genesis_hide_title":false,"_genesis_hide_breadcrumbs":false,"_genesis_hide_singular_image":false,"_genesis_hide_footer_widgets":false,"_genesis_custom_body_class":"","_genesis_custom_post_class":"","_genesis_layout":""},"_links":{"self":[{"href":"https:\/\/hotellemireille.com\/es\/wp-json\/wp\/v2\/pages\/14"}],"collection":[{"href":"https:\/\/hotellemireille.com\/es\/wp-json\/wp\/v2\/pages"}],"about":[{"href":"https:\/\/hotellemireille.com\/es\/wp-json\/wp\/v2\/types\/page"}],"author":[{"embeddable":true,"href":"https:\/\/hotellemireille.com\/es\/wp-json\/wp\/v2\/users\/1"}],"replies":[{"embeddable":true,"href":"https:\/\/hotellemireille.com\/es\/wp-json\/wp\/v2\/comments?post=14"}],"version-history":[{"count":5,"href":"https:\/\/hotellemireille.com\/es\/wp-json\/wp\/v2\/pages\/14\/revisions"}],"predecessor-version":[{"id":508,"href":"https:\/\/hotellemireille.com\/es\/wp-json\/wp\/v2\/pages\/14\/revisions\/508"}],"wp:featuredmedia":[{"embeddable":true,"href":"https:\/\/hotellemireille.com\/es\/wp-json\/wp\/v2\/media\/308"}],"wp:attachment":[{"href":"https:\/\/hotellemireille.com\/es\/wp-json\/wp\/v2\/media?parent=14"}],"curies":[{"name":"wp","href":"https:\/\/api.w.org\/{rel}","templated":true}]}}