{"id":309,"date":"2015-07-30T13:47:44","date_gmt":"2015-07-30T12:47:44","guid":{"rendered":"http:\/\/www.charlieprod.com\/lemireille\/?page_id=7"},"modified":"2026-05-04T19:01:31","modified_gmt":"2026-05-04T18:01:31","slug":"chambres","status":"publish","type":"page","link":"https:\/\/hotellemireille.com\/es\/chambres\/","title":{"rendered":"Habitaciones"},"content":{"rendered":"<p><strong>Bienvenido al Hotel Le Mireille, bienvenido a su hogar\u2026<\/strong><\/p>\n<p>C\u00e1lidas e \u00edntimas, las habitaciones del Hotel Le Mireille son ideales para relajarse en un ambiente tranquilo. Le seducir\u00e1n por su car\u00e1cter \u00fanico, su encanto y su confort.<br \/>\nAbra la puerta de su habitaci\u00f3n\u2026<\/p>\n<p>Armon\u00edas de grises realzadas con tonos suaves, una decoraci\u00f3n que evoca la elegancia parisina, ba\u00f1os revestidos de mosaicos nacarados, todo ello combinado con los est\u00e1ndares actuales de confort.<\/p>\n<h2>Equipamiento<\/h2>\n<p>Ducha<br \/>\nAire acondicionado regulable<br \/>\nDoble acristalamiento<br \/>\nCaja fuerte<br \/>\nConexi\u00f3n a internet y Wi-Fi<br \/>\nTel\u00e9fono directo<br \/>\nTelevisi\u00f3n LCD Loewe \/ sat\u00e9lite<br \/>\nSecador de pelo<br \/>\n&#8211;<br \/>\nHabitaci\u00f3n para no fumadores<br \/>\nDesayuno dulce\/salado bajo petici\u00f3n (<strong>precio: 13.5\u20ac<\/strong>).<\/p>\n<p><a href=\"http:\/\/hotellemireille.com\/es\/photos\/chambres-classique\/\">Habitaciones Cl\u00e1sicas<\/a><br \/>\n<a href=\"http:\/\/hotellemireille.com\/es\/photos\/les-chambres\/\">Habitaciones Superiores<\/a><\/p>","protected":false},"excerpt":{"rendered":"<p>Bienvenido al Hotel Le Mireille, bienvenido a su hogar\u2026 C\u00e1lidas e \u00edntimas, las habitaciones del Hotel Le Mireille son ideales para relajarse en un ambiente tranquilo. Le seducir\u00e1n por su car\u00e1cter \u00fanico, su encanto y su confort. Abra la puerta de su habitaci\u00f3n\u2026 Armon\u00edas de grises realzadas con tonos suaves, una decoraci\u00f3n que evoca la [&hellip;]<\/p>\n","protected":false},"author":1,"featured_media":0,"parent":0,"menu_order":2,"comment_status":"open","ping_status":"closed","template":"page_chambres.php","meta":{"_genesis_hide_title":false,"_genesis_hide_breadcrumbs":false,"_genesis_hide_singular_image":false,"_genesis_hide_footer_widgets":false,"_genesis_custom_body_class":"","_genesis_custom_post_class":"","_genesis_layout":""},"_links":{"self":[{"href":"https:\/\/hotellemireille.com\/es\/wp-json\/wp\/v2\/pages\/309"}],"collection":[{"href":"https:\/\/hotellemireille.com\/es\/wp-json\/wp\/v2\/pages"}],"about":[{"href":"https:\/\/hotellemireille.com\/es\/wp-json\/wp\/v2\/types\/page"}],"author":[{"embeddable":true,"href":"https:\/\/hotellemireille.com\/es\/wp-json\/wp\/v2\/users\/1"}],"replies":[{"embeddable":true,"href":"https:\/\/hotellemireille.com\/es\/wp-json\/wp\/v2\/comments?post=309"}],"version-history":[{"count":5,"href":"https:\/\/hotellemireille.com\/es\/wp-json\/wp\/v2\/pages\/309\/revisions"}],"predecessor-version":[{"id":616,"href":"https:\/\/hotellemireille.com\/es\/wp-json\/wp\/v2\/pages\/309\/revisions\/616"}],"wp:attachment":[{"href":"https:\/\/hotellemireille.com\/es\/wp-json\/wp\/v2\/media?parent=309"}],"curies":[{"name":"wp","href":"https:\/\/api.w.org\/{rel}","templated":true}]}}