{"id":310,"date":"2015-07-30T14:35:15","date_gmt":"2015-07-30T13:35:15","guid":{"rendered":"http:\/\/www.charlieprod.com\/lemireille\/?page_id=27"},"modified":"2026-05-04T17:48:50","modified_gmt":"2026-05-04T16:48:50","slug":"services","status":"publish","type":"page","link":"https:\/\/hotellemireille.com\/es\/services\/","title":{"rendered":"Servicios"},"content":{"rendered":"<p>Los numerosos servicios a su disposici\u00f3n, as\u00ed como un personal atento y cualificado, har\u00e1n de su estancia en el Hotel Le Mireille un momento inolvidable.<\/p>\n<p><strong>DESAYUNO<\/strong><br \/>\nDe 7:00 a 10:00 entre semana y hasta las 11:00 los s\u00e1bados, domingos y festivos.<br \/>\nPrecio (por persona): desde 13,50 \u20ac.<br \/>\nDesayuno en la habitaci\u00f3n (previa reserva el d\u00eda anterior): 16 \u20ac.<br \/>\nDesayuno expr\u00e9s para llevar: 10 \u20ac.<\/p>\n<p><strong>SERVICIOS<\/strong><br \/>\nBusiness center \u2013 tableta digital disponible en recepci\u00f3n<br \/>\nServicio de habitaciones<br \/>\nWi-Fi gratuito<\/p>\n<p><strong>ACCESIBILIDAD<\/strong><br \/>\nDisponibilidad de una habitaci\u00f3n adaptada para personas con movilidad reducida (PMR)<br \/>\nSilla de ruedas en pr\u00e9stamo, disponible en recepci\u00f3n<\/p>\n<p><strong>INFORMACI\u00d3N ADICIONAL<\/strong><br \/>\nCheck-in: a partir de las 14:00<br \/>\nCheck-out: hasta las 12:00<br \/>\nLate check-out (bajo petici\u00f3n y sujeto a disponibilidad): 60 \u20ac<br \/>\nSe admiten mascotas con un suplemento de 60 \u20ac por noche y por mascota<\/p>\n<p><strong>OTROS SERVICIOS<\/strong><br \/>\nPrensa digital: descargue PressReader. Tendr\u00e1 acceso a un cat\u00e1logo de m\u00e1s de 1.000 peri\u00f3dicos, revistas y libros. \u00a1Es gratuito!<br \/>\nGuarder\u00eda infantil, entrenador personal y masajes \u2013 informaci\u00f3n, reservas y tarifas en recepci\u00f3n<br \/>\nEspacio de coworking disponible de 11:00 a 20:00<br \/>\nKit dental, kit de aseo, kit para calzado, kit de costura y otros art\u00edculos de primera necesidad disponibles bajo solicitud en recepci\u00f3n<\/p>","protected":false},"excerpt":{"rendered":"<p>Los numerosos servicios a su disposici\u00f3n, as\u00ed como un personal atento y cualificado, har\u00e1n de su estancia en el Hotel Le Mireille un momento inolvidable. DESAYUNO De 7:00 a 10:00 entre semana y hasta las 11:00 los s\u00e1bados, domingos y festivos. Precio (por persona): desde 13,50 \u20ac. Desayuno en la habitaci\u00f3n (previa reserva el d\u00eda [&hellip;]<\/p>\n","protected":false},"author":1,"featured_media":0,"parent":0,"menu_order":4,"comment_status":"open","ping_status":"open","template":"page_services.php","meta":{"_genesis_hide_title":false,"_genesis_hide_breadcrumbs":false,"_genesis_hide_singular_image":false,"_genesis_hide_footer_widgets":false,"_genesis_custom_body_class":"","_genesis_custom_post_class":"","_genesis_layout":""},"_links":{"self":[{"href":"https:\/\/hotellemireille.com\/es\/wp-json\/wp\/v2\/pages\/310"}],"collection":[{"href":"https:\/\/hotellemireille.com\/es\/wp-json\/wp\/v2\/pages"}],"about":[{"href":"https:\/\/hotellemireille.com\/es\/wp-json\/wp\/v2\/types\/page"}],"author":[{"embeddable":true,"href":"https:\/\/hotellemireille.com\/es\/wp-json\/wp\/v2\/users\/1"}],"replies":[{"embeddable":true,"href":"https:\/\/hotellemireille.com\/es\/wp-json\/wp\/v2\/comments?post=310"}],"version-history":[{"count":5,"href":"https:\/\/hotellemireille.com\/es\/wp-json\/wp\/v2\/pages\/310\/revisions"}],"predecessor-version":[{"id":611,"href":"https:\/\/hotellemireille.com\/es\/wp-json\/wp\/v2\/pages\/310\/revisions\/611"}],"wp:attachment":[{"href":"https:\/\/hotellemireille.com\/es\/wp-json\/wp\/v2\/media?parent=310"}],"curies":[{"name":"wp","href":"https:\/\/api.w.org\/{rel}","templated":true}]}}